{"id":9,"date":"2021-01-11T18:33:13","date_gmt":"2021-01-11T17:33:13","guid":{"rendered":"http:\/\/psychiatrie-in-berlin.de\/vpsg\/?page_id=9"},"modified":"2021-06-21T11:47:16","modified_gmt":"2021-06-21T09:47:16","slug":"verein","status":"publish","type":"page","link":"http:\/\/psychiatrie-in-berlin.de\/vpsg\/verein\/","title":{"rendered":"Verein"},"content":{"rendered":"\n<p>Auf Initiative niedergelassener Nerven\u00e4rzte und Psychiater, die vielfach zuvor schon l\u00e4ngere Zeit in mehreren Qualit\u00e4tszirkeln der KV und \u00c4rztekammer zusammengearbeitet haben, hat sich am 8.12. 2003 der <strong>Verein f\u00fcr Psychiatrie und seelische Gesundheit <\/strong>in Berlin gegr\u00fcndet. Psychotherapie wird von den Gr\u00fcndungsmitgliedern ausdr\u00fccklich als integraler Bestandteil der Psychiatrie verstanden.<\/p>\n\n\n\n<p>Das vorrangige Ziel des Vereins ist die verbesserte ambulante Versorgung von Patienten mit schizophrenen und affektiven Psychosen.<\/p>\n\n\n\n<p>Mittlerweile z\u00e4hlt der Verein f\u00fcr Psychiatrie und seelische Gesundheit \u00fcber 200 Mitglieder \u2013 davon circa 110 niedergelassene Nerven\u00e4rzte\/Psychiater, circa 15 leitende Kliniker, \u00fcber 30 psychosoziale Tr\u00e4ger und Pflegedienste sowie psychologische Psychotherapeuten, Sozio- und Ergotherapeuten.<\/p>\n\n\n\n<p>Nach einer ersten statistischen Erhebung werden von den niedergelassenen Nerven\u00e4rzten\/Psychiatern des Vereins \u00fcber 4000 schizophrene Patienten und etwa gleichviel Patienten mit einer affektiven (uni- oder bipolaren) Psychose behandelt.<\/p>\n\n\n\n<p>Wir unterst\u00fctzen durch aktive Mitgliedschaft \u00fcberregionale sozialpsychiatrische Strukturen wie das \u201eB\u00fcndnis f\u00fcr seelische Gesundheit\u201c und den Dachverband Gemeindepsychiatrie, f\u00f6rdern den DGSP-Forschungspreis und sind Mitglied des gemeinn\u00fctzigen Vereins \u201eGesundheitsstadt Berlin\u201c.<\/p>\n\n\n\n<p><a href=\"http:\/\/psychiatrie-in-berlin.de\/vpsg\/wp-content\/uploads\/2019_vpsg_Imagebroschuere.pdf\" target=\"_blank\" rel=\"noreferrer noopener\">Download Image Flyer<\/a><\/p>\n","protected":false},"excerpt":{"rendered":"<p>Auf Initiative niedergelassener Nerven\u00e4rzte und Psychiater, die vielfach zuvor schon l\u00e4ngere Zeit in mehreren Qualit\u00e4tszirkeln der KV und \u00c4rztekammer zusammengearbeitet haben, hat sich am 8.12. 2003 der Verein f\u00fcr Psychiatrie und seelische Gesundheit in Berlin gegr\u00fcndet. Psychotherapie wird von den Gr\u00fcndungsmitgliedern ausdr\u00fccklich als integraler Bestandteil der Psychiatrie verstanden. Das vorrangige Ziel des Vereins ist die [&hellip;]<\/p>\n","protected":false},"author":1,"featured_media":574,"parent":0,"menu_order":0,"comment_status":"closed","ping_status":"closed","template":"","meta":{"_acf_changed":false,"ngg_post_thumbnail":0,"footnotes":""},"class_list":["post-9","page","type-page","status-publish","has-post-thumbnail","hentry"],"acf":[],"_links":{"self":[{"href":"http:\/\/psychiatrie-in-berlin.de\/vpsg\/wp-json\/wp\/v2\/pages\/9","targetHints":{"allow":["GET"]}}],"collection":[{"href":"http:\/\/psychiatrie-in-berlin.de\/vpsg\/wp-json\/wp\/v2\/pages"}],"about":[{"href":"http:\/\/psychiatrie-in-berlin.de\/vpsg\/wp-json\/wp\/v2\/types\/page"}],"author":[{"embeddable":true,"href":"http:\/\/psychiatrie-in-berlin.de\/vpsg\/wp-json\/wp\/v2\/users\/1"}],"replies":[{"embeddable":true,"href":"http:\/\/psychiatrie-in-berlin.de\/vpsg\/wp-json\/wp\/v2\/comments?post=9"}],"version-history":[{"count":4,"href":"http:\/\/psychiatrie-in-berlin.de\/vpsg\/wp-json\/wp\/v2\/pages\/9\/revisions"}],"predecessor-version":[{"id":949,"href":"http:\/\/psychiatrie-in-berlin.de\/vpsg\/wp-json\/wp\/v2\/pages\/9\/revisions\/949"}],"wp:featuredmedia":[{"embeddable":true,"href":"http:\/\/psychiatrie-in-berlin.de\/vpsg\/wp-json\/wp\/v2\/media\/574"}],"wp:attachment":[{"href":"http:\/\/psychiatrie-in-berlin.de\/vpsg\/wp-json\/wp\/v2\/media?parent=9"}],"curies":[{"name":"wp","href":"https:\/\/api.w.org\/{rel}","templated":true}]}}