{"id":82,"date":"2021-01-12T16:58:41","date_gmt":"2021-01-12T15:58:41","guid":{"rendered":"http:\/\/psychiatrie-in-berlin.de\/vpsg\/?page_id=82"},"modified":"2021-06-11T09:32:56","modified_gmt":"2021-06-11T07:32:56","slug":"links","status":"publish","type":"page","link":"http:\/\/psychiatrie-in-berlin.de\/vpsg\/service\/links\/","title":{"rendered":"Links"},"content":{"rendered":"\n<p><a rel=\"noreferrer noopener\" href=\"http:\/\/www.apk-berlin.de\" target=\"_blank\">Angeh\u00f6rige psychisch Kranker.de<\/a><br>Der Landesverband Berlin der Angeh\u00f6rigen psychisch Kranker e. V.<br><br><a rel=\"noreferrer noopener\" href=\"http:\/\/www.berliner-krisendienst.de\/\" target=\"_blank\">Berliner Krisendienst<\/a><br><br><a rel=\"noreferrer noopener\" href=\"http:\/\/www.bipolarberlin.de\" target=\"_blank\">Bipolar Berlin.de<\/a><br>Selbsthilfegruppe f\u00fcr Menschen mit bipolaren St\u00f6rungen<br><br><a rel=\"noreferrer noopener\" href=\"http:\/\/www.bpe-online.de\" target=\"_blank\">Berliner Organisation Psychiatrie-Erfahrener und Psychiatrie-Betroffener (BOP&amp;P) e.V.<\/a><br><br><a rel=\"noreferrer noopener\" href=\"http:\/\/www.bipolaris.de\/\" target=\"_blank\">Bipolaris<\/a><br>Manie &amp; Depression Selbsthilfevereinigung Berlin-Brandenburg<\/p>\n\n\n\n<p><a rel=\"noreferrer noopener\" href=\"http:\/\/www.psychiatrie-beschwerde.de\/\" target=\"_blank\">Beschwerde- und Informationsstelle Psychiatrie (BIP)<\/a><br><br><a rel=\"noreferrer noopener\" href=\"http:\/\/www.dgppn.de\/\" target=\"_blank\">Deutsche Gesellschaft f\u00fcr Psychiatrie, Psychotherapie und Nervenheilkunde (DGPPN)<\/a><\/p>\n\n\n\n<p><a rel=\"noreferrer noopener\" href=\"https:\/\/psychiatrie-psychotherapie.charite.de\/fuer_patienten\/ambulanzen\/frueherkennungs_und_therapiezentrum_fuer_psychosen_berlin_brandenburg_fetz\/\" target=\"_blank\">Fr\u00fcherkennungs- und Therapiezentrum f\u00fcr beginnende Psychosen Berlin-Brandenburg<\/a><br><br><a rel=\"noreferrer noopener\" href=\"http:\/\/www.kompetenznetze-medizin.de\/Netzwerke\/PsychiatrischeErkrankungen\/DepressionSuizidalit%C3%A4t.aspx\" target=\"_blank\">Kompetenznetz Depression<\/a><br>Offizielle Website des bundesweiten Netzwerks zur Optimierung von Forschung und Versorgung im Bereich depressiver Erkrankungen<br><br><a rel=\"noreferrer noopener\" href=\"http:\/\/www.kompetenznetz-schizophrenie.de\/\" target=\"_blank\">Kompetenznetz Schizophrenie<\/a><br>Wissenschaftliches Netzwerk zur Verbesserung von Fr\u00fcherkennung und Behandlung schizophrener St\u00f6rungen.<br><br><a rel=\"noreferrer noopener\" href=\"http:\/\/www.sekis-berlin.de\/\" target=\"_blank\">SEKIS<\/a><br>Zentrale Berliner Selbsthilfe Kontakt- und Informationsstelle<br><br><a rel=\"noreferrer noopener\" href=\"http:\/\/www.trialog-psychoseseminar.de\" target=\"_blank\">Trialog Psychoseseminar<\/a><br><br><a href=\"https:\/\/berliner-nervenaerzte.de\/\" target=\"_blank\" rel=\"noreferrer noopener\">Berufsverband Berliner Nerven\u00e4rzte &#8211; Landesverband Berlin<\/a><\/p>\n","protected":false},"excerpt":{"rendered":"<p>Angeh\u00f6rige psychisch Kranker.deDer Landesverband Berlin der Angeh\u00f6rigen psychisch Kranker e. V. Berliner Krisendienst Bipolar Berlin.deSelbsthilfegruppe f\u00fcr Menschen mit bipolaren St\u00f6rungen Berliner Organisation Psychiatrie-Erfahrener und Psychiatrie-Betroffener (BOP&amp;P) e.V. BipolarisManie &amp; Depression Selbsthilfevereinigung Berlin-Brandenburg Beschwerde- und Informationsstelle Psychiatrie (BIP) Deutsche Gesellschaft f\u00fcr Psychiatrie, Psychotherapie und Nervenheilkunde (DGPPN) Fr\u00fcherkennungs- und Therapiezentrum f\u00fcr beginnende Psychosen Berlin-Brandenburg Kompetenznetz DepressionOffizielle Website [&hellip;]<\/p>\n","protected":false},"author":1,"featured_media":0,"parent":26,"menu_order":0,"comment_status":"closed","ping_status":"closed","template":"","meta":{"_acf_changed":false,"ngg_post_thumbnail":0,"footnotes":""},"class_list":["post-82","page","type-page","status-publish","hentry"],"acf":[],"_links":{"self":[{"href":"http:\/\/psychiatrie-in-berlin.de\/vpsg\/wp-json\/wp\/v2\/pages\/82","targetHints":{"allow":["GET"]}}],"collection":[{"href":"http:\/\/psychiatrie-in-berlin.de\/vpsg\/wp-json\/wp\/v2\/pages"}],"about":[{"href":"http:\/\/psychiatrie-in-berlin.de\/vpsg\/wp-json\/wp\/v2\/types\/page"}],"author":[{"embeddable":true,"href":"http:\/\/psychiatrie-in-berlin.de\/vpsg\/wp-json\/wp\/v2\/users\/1"}],"replies":[{"embeddable":true,"href":"http:\/\/psychiatrie-in-berlin.de\/vpsg\/wp-json\/wp\/v2\/comments?post=82"}],"version-history":[{"count":8,"href":"http:\/\/psychiatrie-in-berlin.de\/vpsg\/wp-json\/wp\/v2\/pages\/82\/revisions"}],"predecessor-version":[{"id":869,"href":"http:\/\/psychiatrie-in-berlin.de\/vpsg\/wp-json\/wp\/v2\/pages\/82\/revisions\/869"}],"up":[{"embeddable":true,"href":"http:\/\/psychiatrie-in-berlin.de\/vpsg\/wp-json\/wp\/v2\/pages\/26"}],"wp:attachment":[{"href":"http:\/\/psychiatrie-in-berlin.de\/vpsg\/wp-json\/wp\/v2\/media?parent=82"}],"curies":[{"name":"wp","href":"https:\/\/api.w.org\/{rel}","templated":true}]}}