{"id":804,"date":"2021-04-16T18:02:20","date_gmt":"2021-04-16T16:02:20","guid":{"rendered":"http:\/\/psychiatrie-in-berlin.de\/vpsg\/?page_id=804"},"modified":"2021-05-10T11:41:45","modified_gmt":"2021-05-10T09:41:45","slug":"newsletter-rss","status":"publish","type":"page","link":"http:\/\/psychiatrie-in-berlin.de\/vpsg\/newsletter-rss\/","title":{"rendered":"Newsletter \/ RSS"},"content":{"rendered":"\n<p><a href=\"http:\/\/psychiatrie-in-berlin.de\/vpsg\/feed\">RSS-Feed abonnieren<\/a><\/p>\n\n\n\n<p>Anstelle eines Newsletters, zuletzt in gr\u00f6\u00dferen, unregelm\u00e4\u00dfigen Abst\u00e4nden versandt, k\u00f6nnen Sie sich nunmehr aktuell \u00fcber neue Inhalte (Terminank\u00fcndigungen, aktuelle Informationen, Tagungsberichte etc.) auf unserer Website informieren lassen.<\/p>\n\n\n\n<p>Dies wird \u00fcber ein sog. <a href=\"https:\/\/de.wikipedia.org\/wiki\/RSS\" target=\"_blank\" rel=\"noreferrer noopener\">RSS-Feed<\/a> organisiert, eine Art Neuigkeiten-Abonnement f\u00fcr Webseiten-Inhalte, ohne selbst aktiv \u201csuchen\u201c oder Kontaktdaten angeben zu m\u00fcssen.<\/p>\n\n\n\n<p>Benachrichtigungen (RSS-Feeds) k\u00f6nnen auf verschiedenen Wegen erm\u00f6glicht werden, am einfachsten durch Ihr E-Mail Programm, z.B Microsoft Outlook oder Mozilla Thunderbird. Sobald ein neuer Beitrag auf der Webseite ver\u00f6ffentlicht wird, erhalten Sie eine Nachricht und werden mit einem Klick zum Artikel weitergeleitet.<\/p>\n\n\n\n<p>Einfache Schritt-f\u00fcr-Schritt Anleitungen finden Sie hier:<br><a href=\"https:\/\/support.mozilla.org\/de\/kb\/nachrichten-feeds-und-blogs-abonnieren\" target=\"_blank\" rel=\"noreferrer noopener\">RSS-Feed mit Thunderbird abonnieren<\/a><br><a href=\"https:\/\/support.microsoft.com\/de-de\/office\/was-sind-rss-feeds-e8aaebc3-a0a7-40cd-9e10-88f9c1e74b97\" target=\"_blank\" rel=\"noreferrer noopener\">RSS-Feed mit Outlook abonnieren<\/a><\/p>\n\n\n\n<p>Wenn Sie dies alles nicht w\u00fcnschen, sind Sie herzlich eingeladen, sich regelm\u00e4\u00dfig auf der vpsg-Webseite nach Neuigkeiten umzusehen.<\/p>\n\n\n\n<p><\/p>\n","protected":false},"excerpt":{"rendered":"<p>RSS-Feed abonnieren Anstelle eines Newsletters, zuletzt in gr\u00f6\u00dferen, unregelm\u00e4\u00dfigen Abst\u00e4nden versandt, k\u00f6nnen Sie sich nunmehr aktuell \u00fcber neue Inhalte (Terminank\u00fcndigungen, aktuelle Informationen, Tagungsberichte etc.) auf unserer Website informieren lassen. Dies wird \u00fcber ein sog. RSS-Feed organisiert, eine Art Neuigkeiten-Abonnement f\u00fcr Webseiten-Inhalte, ohne selbst aktiv \u201csuchen\u201c oder Kontaktdaten angeben zu m\u00fcssen. Benachrichtigungen (RSS-Feeds) k\u00f6nnen auf verschiedenen [&hellip;]<\/p>\n","protected":false},"author":1,"featured_media":0,"parent":0,"menu_order":0,"comment_status":"closed","ping_status":"closed","template":"","meta":{"_acf_changed":false,"ngg_post_thumbnail":0,"footnotes":""},"class_list":["post-804","page","type-page","status-publish","hentry"],"acf":[],"_links":{"self":[{"href":"http:\/\/psychiatrie-in-berlin.de\/vpsg\/wp-json\/wp\/v2\/pages\/804","targetHints":{"allow":["GET"]}}],"collection":[{"href":"http:\/\/psychiatrie-in-berlin.de\/vpsg\/wp-json\/wp\/v2\/pages"}],"about":[{"href":"http:\/\/psychiatrie-in-berlin.de\/vpsg\/wp-json\/wp\/v2\/types\/page"}],"author":[{"embeddable":true,"href":"http:\/\/psychiatrie-in-berlin.de\/vpsg\/wp-json\/wp\/v2\/users\/1"}],"replies":[{"embeddable":true,"href":"http:\/\/psychiatrie-in-berlin.de\/vpsg\/wp-json\/wp\/v2\/comments?post=804"}],"version-history":[{"count":5,"href":"http:\/\/psychiatrie-in-berlin.de\/vpsg\/wp-json\/wp\/v2\/pages\/804\/revisions"}],"predecessor-version":[{"id":831,"href":"http:\/\/psychiatrie-in-berlin.de\/vpsg\/wp-json\/wp\/v2\/pages\/804\/revisions\/831"}],"wp:attachment":[{"href":"http:\/\/psychiatrie-in-berlin.de\/vpsg\/wp-json\/wp\/v2\/media?parent=804"}],"curies":[{"name":"wp","href":"https:\/\/api.w.org\/{rel}","templated":true}]}}