{"id":7,"date":"2021-01-11T18:32:26","date_gmt":"2021-01-11T17:32:26","guid":{"rendered":"http:\/\/psychiatrie-in-berlin.de\/vpsg\/?page_id=7"},"modified":"2025-01-26T22:47:40","modified_gmt":"2025-01-26T21:47:40","slug":"home","status":"publish","type":"page","link":"http:\/\/psychiatrie-in-berlin.de\/vpsg\/","title":{"rendered":"Home"},"content":{"rendered":"\n<h2 class=\"wp-block-heading\">Willkommen<\/h2>\n\n\n\n<p>auf der Website des <strong>Vereins f\u00fcr Psychiatrie und seelische Gesundheit e.V.<\/strong> &#8211; einer Initiative f\u00fcr eine verbesserte psychiatrisch-psychotherapeutische Versorgung von Menschen mit schizophrenen oder affektiven Psychosen.<\/p>\n\n\n\n<p>Der Verein wurde im Dezember 2003 auf Initiative von Dr. Norbert M\u00f6nter, damals niedergelassener Arzt f\u00fcr Neurologie und Psychiatrie, Psychotherapie\/Psychoanalyse, gegr\u00fcndet und f\u00f6rdert eine qualit\u00e4tsgesicherte, interdisziplin\u00e4re Zusammenarbeit aller Leistungserbringer, die an der Versorgung psychisch Kranker beteiligt sind.<\/p>\n\n\n\n<p>Wir kooperieren mit allen Versorgungseinrichtungen sowie den Krankheitsbetroffenen und deren Angeh\u00f6rigen und streben die Entwicklung und Umsetzung vernetzter Versorgungsstrukturen f\u00fcr die ambulante Versorgung schwer psychisch Kranker an.<\/p>\n\n\n\n<p>Zum 15-j\u00e4hrigen Bestehen des Vereins ist eine <strong>Jubil\u00e4ums-Brosch\u00fcre <\/strong>erschienen, welche ausf\u00fchrlich \u00fcber die Arbeit und Zielsetzung des vpsg informiert und einen \u00dcberblick \u00fcber das breite Spektrum unserer Aktivit\u00e4ten und Themen gibt.<br>Die <strong>Online-Version der Brosch\u00fcre<\/strong> mit allen Texten und Fotos k\u00f6nnen Sie <a href=\"http:\/\/psychiatrie-in-berlin.de\/vpsg\/wp-content\/uploads\/2019_vpsg_Imagebroschuere.pdf\" target=\"_blank\" rel=\"noreferrer noopener\">hier<\/a> ansehen.<\/p>\n\n\n\n<p>Die <strong>PIBB<\/strong> (Managementgesellschaft des vpsg) hat mit mehreren Krankenkassen<br>Vertr\u00e4ge zur Integrierten Versorgung abgeschlossen:<br>Alle Informationen zu den Vertr\u00e4gen und zur Teilnahme an der<br>Integrierten Versorgung finden Sie unter<strong> <a href=\"https:\/\/www.pi-bb.de\/\" target=\"_blank\" rel=\"noreferrer noopener\">www.pi-bb.de<\/a><\/strong><\/p>\n","protected":false},"excerpt":{"rendered":"<p>Willkommen auf der Website des Vereins f\u00fcr Psychiatrie und seelische Gesundheit e.V. &#8211; einer Initiative f\u00fcr eine verbesserte psychiatrisch-psychotherapeutische Versorgung von Menschen mit schizophrenen oder affektiven Psychosen. Der Verein wurde im Dezember 2003 auf Initiative von Dr. Norbert M\u00f6nter, damals niedergelassener Arzt f\u00fcr Neurologie und Psychiatrie, Psychotherapie\/Psychoanalyse, gegr\u00fcndet und f\u00f6rdert eine qualit\u00e4tsgesicherte, interdisziplin\u00e4re Zusammenarbeit aller [&hellip;]<\/p>\n","protected":false},"author":1,"featured_media":857,"parent":0,"menu_order":0,"comment_status":"closed","ping_status":"closed","template":"","meta":{"_acf_changed":false,"ngg_post_thumbnail":0,"footnotes":""},"class_list":["post-7","page","type-page","status-publish","has-post-thumbnail","hentry"],"acf":[],"_links":{"self":[{"href":"http:\/\/psychiatrie-in-berlin.de\/vpsg\/wp-json\/wp\/v2\/pages\/7","targetHints":{"allow":["GET"]}}],"collection":[{"href":"http:\/\/psychiatrie-in-berlin.de\/vpsg\/wp-json\/wp\/v2\/pages"}],"about":[{"href":"http:\/\/psychiatrie-in-berlin.de\/vpsg\/wp-json\/wp\/v2\/types\/page"}],"author":[{"embeddable":true,"href":"http:\/\/psychiatrie-in-berlin.de\/vpsg\/wp-json\/wp\/v2\/users\/1"}],"replies":[{"embeddable":true,"href":"http:\/\/psychiatrie-in-berlin.de\/vpsg\/wp-json\/wp\/v2\/comments?post=7"}],"version-history":[{"count":15,"href":"http:\/\/psychiatrie-in-berlin.de\/vpsg\/wp-json\/wp\/v2\/pages\/7\/revisions"}],"predecessor-version":[{"id":1517,"href":"http:\/\/psychiatrie-in-berlin.de\/vpsg\/wp-json\/wp\/v2\/pages\/7\/revisions\/1517"}],"wp:featuredmedia":[{"embeddable":true,"href":"http:\/\/psychiatrie-in-berlin.de\/vpsg\/wp-json\/wp\/v2\/media\/857"}],"wp:attachment":[{"href":"http:\/\/psychiatrie-in-berlin.de\/vpsg\/wp-json\/wp\/v2\/media?parent=7"}],"curies":[{"name":"wp","href":"https:\/\/api.w.org\/{rel}","templated":true}]}}