{"id":47,"date":"2021-01-11T19:36:56","date_gmt":"2021-01-11T18:36:56","guid":{"rendered":"http:\/\/psychiatrie-in-berlin.de\/vpsg\/?page_id=47"},"modified":"2025-02-25T20:02:43","modified_gmt":"2025-02-25T19:02:43","slug":"mitglied-werden","status":"publish","type":"page","link":"http:\/\/psychiatrie-in-berlin.de\/vpsg\/verein\/mitglied-werden\/","title":{"rendered":"Mitglied werden"},"content":{"rendered":"\n<p>Wenn Sie <strong>Mitglied im Verein f\u00fcr Psychiatrie und seelische Gesundheit<\/strong> werden m\u00f6chten, bitten wir Sie das unten stehende Beitrittsformular unterschrieben per Post an den Schriftf\u00fchrer zu senden:<br><br>vpsg c\/o Praxis S. Fr\u00fchauf<br>Kavalierstra\u00dfe 4<br>13187 Berlin<br><br>F\u00fcr Fragen: info@psychiatrie-in-berlin.de<\/p>\n\n\n\n<p><strong>Download des <a href=\"http:\/\/psychiatrie-in-berlin.de\/vpsg\/wp-content\/uploads\/Beitrittserklarung-2025_01.pdf\" target=\"_blank\" rel=\"noreferrer noopener\">Beitrittformulars (PDF)<\/a><\/strong><\/p>\n\n\n\n<p>Um das Dokument lesen zu k\u00f6nnen, ben\u00f6tigen Sie den Acrobat Reader, den Sie <a href=\"https:\/\/get.adobe.com\/de\/reader\/\" target=\"_blank\" rel=\"noreferrer noopener\">hier<\/a> kostenlos erhalten.<\/p>\n","protected":false},"excerpt":{"rendered":"<p>Wenn Sie Mitglied im Verein f\u00fcr Psychiatrie und seelische Gesundheit werden m\u00f6chten, bitten wir Sie das unten stehende Beitrittsformular unterschrieben per Post an den Schriftf\u00fchrer zu senden: vpsg c\/o Praxis S. Fr\u00fchaufKavalierstra\u00dfe 413187 Berlin F\u00fcr Fragen: info@psychiatrie-in-berlin.de Download des Beitrittformulars (PDF) Um das Dokument lesen zu k\u00f6nnen, ben\u00f6tigen Sie den Acrobat Reader, den Sie hier [&hellip;]<\/p>\n","protected":false},"author":1,"featured_media":0,"parent":9,"menu_order":0,"comment_status":"closed","ping_status":"closed","template":"","meta":{"_acf_changed":false,"ngg_post_thumbnail":0,"footnotes":""},"class_list":["post-47","page","type-page","status-publish","hentry"],"acf":[],"_links":{"self":[{"href":"http:\/\/psychiatrie-in-berlin.de\/vpsg\/wp-json\/wp\/v2\/pages\/47","targetHints":{"allow":["GET"]}}],"collection":[{"href":"http:\/\/psychiatrie-in-berlin.de\/vpsg\/wp-json\/wp\/v2\/pages"}],"about":[{"href":"http:\/\/psychiatrie-in-berlin.de\/vpsg\/wp-json\/wp\/v2\/types\/page"}],"author":[{"embeddable":true,"href":"http:\/\/psychiatrie-in-berlin.de\/vpsg\/wp-json\/wp\/v2\/users\/1"}],"replies":[{"embeddable":true,"href":"http:\/\/psychiatrie-in-berlin.de\/vpsg\/wp-json\/wp\/v2\/comments?post=47"}],"version-history":[{"count":7,"href":"http:\/\/psychiatrie-in-berlin.de\/vpsg\/wp-json\/wp\/v2\/pages\/47\/revisions"}],"predecessor-version":[{"id":1640,"href":"http:\/\/psychiatrie-in-berlin.de\/vpsg\/wp-json\/wp\/v2\/pages\/47\/revisions\/1640"}],"up":[{"embeddable":true,"href":"http:\/\/psychiatrie-in-berlin.de\/vpsg\/wp-json\/wp\/v2\/pages\/9"}],"wp:attachment":[{"href":"http:\/\/psychiatrie-in-berlin.de\/vpsg\/wp-json\/wp\/v2\/media?parent=47"}],"curies":[{"name":"wp","href":"https:\/\/api.w.org\/{rel}","templated":true}]}}