{"id":41,"date":"2021-01-11T19:34:07","date_gmt":"2021-01-11T18:34:07","guid":{"rendered":"http:\/\/psychiatrie-in-berlin.de\/vpsg\/?page_id=41"},"modified":"2025-01-26T22:42:48","modified_gmt":"2025-01-26T21:42:48","slug":"vorstand","status":"publish","type":"page","link":"http:\/\/psychiatrie-in-berlin.de\/vpsg\/verein\/vorstand\/","title":{"rendered":"Vorstand"},"content":{"rendered":"\n<p><strong>Der Vorstand des Vereins f\u00fcr Psychiatrie und seelische Gesundheit stellt sich vor:<\/strong><\/p>\n\n\n\n<figure class=\"wp-block-image size-large\"><img loading=\"lazy\" decoding=\"async\" width=\"1024\" height=\"685\" src=\"http:\/\/psychiatrie-in-berlin.de\/vpsg\/wp-content\/uploads\/2024_11-web-neuer-Vorstand-1024x685.jpg\" alt=\"\" class=\"wp-image-1503\" srcset=\"http:\/\/psychiatrie-in-berlin.de\/vpsg\/wp-content\/uploads\/2024_11-web-neuer-Vorstand-1024x685.jpg 1024w, http:\/\/psychiatrie-in-berlin.de\/vpsg\/wp-content\/uploads\/2024_11-web-neuer-Vorstand-300x201.jpg 300w, http:\/\/psychiatrie-in-berlin.de\/vpsg\/wp-content\/uploads\/2024_11-web-neuer-Vorstand-768x514.jpg 768w, http:\/\/psychiatrie-in-berlin.de\/vpsg\/wp-content\/uploads\/2024_11-web-neuer-Vorstand-1536x1028.jpg 1536w, http:\/\/psychiatrie-in-berlin.de\/vpsg\/wp-content\/uploads\/2024_11-web-neuer-Vorstand.jpg 1571w\" sizes=\"auto, (max-width: 1024px) 100vw, 1024px\" \/><\/figure>\n\n\n\n<p>Die am 11. November 2024 neu gew\u00e4hlten Vorstandsmitglieder (v.l.n.r.)<\/p>\n\n\n\n<p><strong>Dr. Karin-Maria Hoffmann<\/strong> (Beisitz), Dipl.-Psychologin, Gesch\u00e4ftsstelle PIBB<\/p>\n\n\n\n<p><strong>Dr. Michael Krebs<\/strong> (Finanzen), Facharzt f\u00fcr Psychiatrie und Psychotherapie<\/p>\n\n\n\n<p><strong>Friederike Schmidt-Hoffmann<\/strong> (3. Vorsitzende), Psychol. Psychotherapeutin<\/p>\n\n\n\n<p><strong>Marion Locher<\/strong> (2. Vorsitzende), Gesch\u00e4ftsf\u00fchrerin Tr\u00e4ger e.V.<\/p>\n\n\n\n<p><strong>Stephan Fr\u00fchauf<\/strong> (Schriftf\u00fchrer), Facharzt f\u00fcr Psychiatrie und Psychotherapie<\/p>\n\n\n\n<p><strong>Anette Rindtorff<\/strong> (1. Vorsitzende), Fach\u00e4rztin f\u00fcr Psychiatrie und Psychotherapie<\/p>\n\n\n\n<p><strong>Sylvia Matthes<\/strong> (Beisitz), GF Pflegestation Matthes (Brandenburg)<\/p>\n\n\n\n<p><strong>Mevis Dogan<\/strong> (Beisitz), PDL Pflegedienst Meyer &amp; Kratzsch<\/p>\n","protected":false},"excerpt":{"rendered":"<p>Der Vorstand des Vereins f\u00fcr Psychiatrie und seelische Gesundheit stellt sich vor: Die am 11. November 2024 neu gew\u00e4hlten Vorstandsmitglieder (v.l.n.r.) Dr. Karin-Maria Hoffmann (Beisitz), Dipl.-Psychologin, Gesch\u00e4ftsstelle PIBB Dr. Michael Krebs (Finanzen), Facharzt f\u00fcr Psychiatrie und Psychotherapie Friederike Schmidt-Hoffmann (3. Vorsitzende), Psychol. Psychotherapeutin Marion Locher (2. Vorsitzende), Gesch\u00e4ftsf\u00fchrerin Tr\u00e4ger e.V. Stephan Fr\u00fchauf (Schriftf\u00fchrer), Facharzt f\u00fcr [&hellip;]<\/p>\n","protected":false},"author":1,"featured_media":0,"parent":9,"menu_order":0,"comment_status":"closed","ping_status":"closed","template":"","meta":{"_acf_changed":false,"ngg_post_thumbnail":0,"footnotes":""},"class_list":["post-41","page","type-page","status-publish","hentry"],"acf":[],"_links":{"self":[{"href":"http:\/\/psychiatrie-in-berlin.de\/vpsg\/wp-json\/wp\/v2\/pages\/41","targetHints":{"allow":["GET"]}}],"collection":[{"href":"http:\/\/psychiatrie-in-berlin.de\/vpsg\/wp-json\/wp\/v2\/pages"}],"about":[{"href":"http:\/\/psychiatrie-in-berlin.de\/vpsg\/wp-json\/wp\/v2\/types\/page"}],"author":[{"embeddable":true,"href":"http:\/\/psychiatrie-in-berlin.de\/vpsg\/wp-json\/wp\/v2\/users\/1"}],"replies":[{"embeddable":true,"href":"http:\/\/psychiatrie-in-berlin.de\/vpsg\/wp-json\/wp\/v2\/comments?post=41"}],"version-history":[{"count":15,"href":"http:\/\/psychiatrie-in-berlin.de\/vpsg\/wp-json\/wp\/v2\/pages\/41\/revisions"}],"predecessor-version":[{"id":1511,"href":"http:\/\/psychiatrie-in-berlin.de\/vpsg\/wp-json\/wp\/v2\/pages\/41\/revisions\/1511"}],"up":[{"embeddable":true,"href":"http:\/\/psychiatrie-in-berlin.de\/vpsg\/wp-json\/wp\/v2\/pages\/9"}],"wp:attachment":[{"href":"http:\/\/psychiatrie-in-berlin.de\/vpsg\/wp-json\/wp\/v2\/media?parent=41"}],"curies":[{"name":"wp","href":"https:\/\/api.w.org\/{rel}","templated":true}]}}