{"id":38,"date":"2021-01-11T19:29:48","date_gmt":"2021-01-11T18:29:48","guid":{"rendered":"http:\/\/psychiatrie-in-berlin.de\/vpsg\/?page_id=38"},"modified":"2021-01-18T15:28:19","modified_gmt":"2021-01-18T14:28:19","slug":"ziele","status":"publish","type":"page","link":"http:\/\/psychiatrie-in-berlin.de\/vpsg\/verein\/ziele\/","title":{"rendered":"Ziele"},"content":{"rendered":"\n<p>Der Verein verfolgt laut <strong>Satzung<\/strong> vor allem folgende Ziele:<br><\/p>\n\n\n\n<ul class=\"wp-block-list\"><li>F\u00f6rderung und Verbesserung der medizinischen, psychiatrischen und psychotherapeutischen Versorgung von Menschen, die schwerwiegend psychisch erkrankt sind. Insbesondere gilt dies f\u00fcr die Versorgung von Menschen, die an Psychosen aus dem schizophrenen Formenkreis oder bi- und unipolaren affektiven Psychosen leiden und deren Behandlung wann immer m\u00f6glich ambulant erfolgen soll.<\/li><li>Verbesserung der interdisziplin\u00e4ren Zusammenarbeit insbesondere zwischen den nieder-gelassenen Nerven\u00e4rzten\/ \u00c4rzten f\u00fcr Psychiatrie und Psychotherapie und Mitgliedern aller Einrichtungen und Leistungserbringer, die an der Versorgung psychisch Kranker teilnehmen.<\/li><li>Einbeziehung von Krankheitsbetroffenen wie auch deren Angeh\u00f6riger in die Aktivit\u00e4ten f\u00fcr eine verbesserte Versorgung psychisch Kranker.<\/li><li>Durchf\u00fchrung und Dokumentation von Fach- und Fortbildungsveranstaltungen.<\/li><li>Unterst\u00fctzung von Qualit\u00e4tssicherungsma\u00dfnahmen und Implementierung von Leitlinien f\u00fcr die medizinisch\/psychotherapeutische und sozialpsychiatrische Versorgung..<\/li><li>Entwicklung und Umsetzung neuer Versorgungs \u2013 und Vertragsmodelle f\u00fcr die umfassende ambulante Versorgung schwer psychisch Kranker insbesondere die Entwicklung vernetzter Versorgungsstrukturen einschlie\u00dflich der integrierten Versorgung.<\/li><li>F\u00f6rderung von Patienten- und Angeh\u00f6rigen- Selbsthilfeorganisationen.<\/li><li>F\u00f6rderung der \u00d6ffentlichkeitsarbeit zur Verbesserung der ambulanten Versorgung und zum besseren Verst\u00e4ndnis der Situation psychisch Kranker.<\/li><\/ul>\n\n\n\n<p><a rel=\"noreferrer noopener\" href=\"http:\/\/psychiatrie-in-berlin.de\/vpsg\/wp-content\/uploads\/satzung_vpsg_2009_12_07.pdf\" target=\"_blank\">Download der Vereinssatzung (pdf)<\/a><\/p>\n\n\n\n<p>[ Um das Dokument lesen zu k\u00f6nnen, ben\u00f6tigen Sie den Acrobat Reader, den Sie <a href=\"https:\/\/get.adobe.com\/de\/reader\/\" target=\"_blank\" rel=\"noreferrer noopener\">hier<\/a> kostenlos erhalten. ]<\/p>\n","protected":false},"excerpt":{"rendered":"<p>Der Verein verfolgt laut Satzung vor allem folgende Ziele: F\u00f6rderung und Verbesserung der medizinischen, psychiatrischen und psychotherapeutischen Versorgung von Menschen, die schwerwiegend psychisch erkrankt sind. Insbesondere gilt dies f\u00fcr die Versorgung von Menschen, die an Psychosen aus dem schizophrenen Formenkreis oder bi- und unipolaren affektiven Psychosen leiden und deren Behandlung wann immer m\u00f6glich ambulant erfolgen [&hellip;]<\/p>\n","protected":false},"author":1,"featured_media":0,"parent":9,"menu_order":0,"comment_status":"closed","ping_status":"closed","template":"","meta":{"_acf_changed":false,"ngg_post_thumbnail":0,"footnotes":""},"class_list":["post-38","page","type-page","status-publish","hentry"],"acf":[],"_links":{"self":[{"href":"http:\/\/psychiatrie-in-berlin.de\/vpsg\/wp-json\/wp\/v2\/pages\/38","targetHints":{"allow":["GET"]}}],"collection":[{"href":"http:\/\/psychiatrie-in-berlin.de\/vpsg\/wp-json\/wp\/v2\/pages"}],"about":[{"href":"http:\/\/psychiatrie-in-berlin.de\/vpsg\/wp-json\/wp\/v2\/types\/page"}],"author":[{"embeddable":true,"href":"http:\/\/psychiatrie-in-berlin.de\/vpsg\/wp-json\/wp\/v2\/users\/1"}],"replies":[{"embeddable":true,"href":"http:\/\/psychiatrie-in-berlin.de\/vpsg\/wp-json\/wp\/v2\/comments?post=38"}],"version-history":[{"count":3,"href":"http:\/\/psychiatrie-in-berlin.de\/vpsg\/wp-json\/wp\/v2\/pages\/38\/revisions"}],"predecessor-version":[{"id":243,"href":"http:\/\/psychiatrie-in-berlin.de\/vpsg\/wp-json\/wp\/v2\/pages\/38\/revisions\/243"}],"up":[{"embeddable":true,"href":"http:\/\/psychiatrie-in-berlin.de\/vpsg\/wp-json\/wp\/v2\/pages\/9"}],"wp:attachment":[{"href":"http:\/\/psychiatrie-in-berlin.de\/vpsg\/wp-json\/wp\/v2\/media?parent=38"}],"curies":[{"name":"wp","href":"https:\/\/api.w.org\/{rel}","templated":true}]}}