{"id":26,"date":"2021-01-11T19:10:48","date_gmt":"2021-01-11T18:10:48","guid":{"rendered":"http:\/\/psychiatrie-in-berlin.de\/vpsg\/?page_id=26"},"modified":"2021-06-21T12:33:40","modified_gmt":"2021-06-21T10:33:40","slug":"service","status":"publish","type":"page","link":"http:\/\/psychiatrie-in-berlin.de\/vpsg\/service\/","title":{"rendered":"Service"},"content":{"rendered":"\n<p>Hier k\u00f6nnen Sie einen <a href=\"http:\/\/psychiatrie-in-berlin.de\/vpsg\/newsletter-rss\/\" data-type=\"page\" data-id=\"804\" target=\"_blank\" rel=\"noreferrer noopener\">RSS Feed<\/a> abonnieren, um sich \u00fcber neue Inhalte (Terminank\u00fcndigungen, aktuelle Informationen, Tagungsberichte etc.) auf unserer Website informieren zu lassen. <\/p>\n\n\n\n<p><a rel=\"noreferrer noopener\" href=\"http:\/\/psychiatrie-in-berlin.de\/vpsg\/feed\" target=\"_blank\">RSS-Feed<\/a> abonnieren.<\/p>\n\n\n\n<p>In der Rubrik <a href=\"http:\/\/psychiatrie-in-berlin.de\/vpsg\/service\/links\/\" data-type=\"page\" data-id=\"82\" target=\"_blank\" rel=\"noreferrer noopener\">Links<\/a> finden Sie weiterf\u00fchrende Informationen, insbesondere n\u00fctzliche Hinweise f\u00fcr Angeh\u00f6rige und Betroffene.<\/p>\n\n\n\n<p>Im Bereich <a href=\"http:\/\/psychiatrie-in-berlin.de\/vpsg\/service\/angebote\/\" data-type=\"page\" data-id=\"86\" target=\"_blank\" rel=\"noreferrer noopener\">Infomaterial<\/a> finden Sie Informationsmaterial zum Download (Neu: Informationen zur Soziotherapie), Dokumente zum Nachlesen u.v.m. Das Angebot wird sukzessive erweitert.<\/p>\n","protected":false},"excerpt":{"rendered":"<p>Hier k\u00f6nnen Sie einen RSS Feed abonnieren, um sich \u00fcber neue Inhalte (Terminank\u00fcndigungen, aktuelle Informationen, Tagungsberichte etc.) auf unserer Website informieren zu lassen. RSS-Feed abonnieren. In der Rubrik Links finden Sie weiterf\u00fchrende Informationen, insbesondere n\u00fctzliche Hinweise f\u00fcr Angeh\u00f6rige und Betroffene. Im Bereich Infomaterial finden Sie Informationsmaterial zum Download (Neu: Informationen zur Soziotherapie), Dokumente zum Nachlesen [&hellip;]<\/p>\n","protected":false},"author":1,"featured_media":514,"parent":0,"menu_order":0,"comment_status":"closed","ping_status":"closed","template":"","meta":{"_acf_changed":false,"ngg_post_thumbnail":0,"footnotes":""},"class_list":["post-26","page","type-page","status-publish","has-post-thumbnail","hentry"],"acf":[],"_links":{"self":[{"href":"http:\/\/psychiatrie-in-berlin.de\/vpsg\/wp-json\/wp\/v2\/pages\/26","targetHints":{"allow":["GET"]}}],"collection":[{"href":"http:\/\/psychiatrie-in-berlin.de\/vpsg\/wp-json\/wp\/v2\/pages"}],"about":[{"href":"http:\/\/psychiatrie-in-berlin.de\/vpsg\/wp-json\/wp\/v2\/types\/page"}],"author":[{"embeddable":true,"href":"http:\/\/psychiatrie-in-berlin.de\/vpsg\/wp-json\/wp\/v2\/users\/1"}],"replies":[{"embeddable":true,"href":"http:\/\/psychiatrie-in-berlin.de\/vpsg\/wp-json\/wp\/v2\/comments?post=26"}],"version-history":[{"count":9,"href":"http:\/\/psychiatrie-in-berlin.de\/vpsg\/wp-json\/wp\/v2\/pages\/26\/revisions"}],"predecessor-version":[{"id":952,"href":"http:\/\/psychiatrie-in-berlin.de\/vpsg\/wp-json\/wp\/v2\/pages\/26\/revisions\/952"}],"wp:featuredmedia":[{"embeddable":true,"href":"http:\/\/psychiatrie-in-berlin.de\/vpsg\/wp-json\/wp\/v2\/media\/514"}],"wp:attachment":[{"href":"http:\/\/psychiatrie-in-berlin.de\/vpsg\/wp-json\/wp\/v2\/media?parent=26"}],"curies":[{"name":"wp","href":"https:\/\/api.w.org\/{rel}","templated":true}]}}