{"id":21,"date":"2021-01-11T19:07:31","date_gmt":"2021-01-11T18:07:31","guid":{"rendered":"http:\/\/psychiatrie-in-berlin.de\/vpsg\/?page_id=21"},"modified":"2025-01-26T22:46:02","modified_gmt":"2025-01-26T21:46:02","slug":"impressum","status":"publish","type":"page","link":"http:\/\/psychiatrie-in-berlin.de\/vpsg\/impressum\/","title":{"rendered":"Impressum"},"content":{"rendered":"\n<p><strong>Verein f\u00fcr Psychiatrie und seelische Gesundheit e.V.<\/strong><\/p>\n\n\n\n<p>c\/o Annette Rindtorff (Vorsitzende)<br>Tegeler Weg 4<br>10589 Berlin<br>E-Mail: info@psychiatrie-in-berlin.de (Schriftf\u00fchrer S. Fr\u00fchauf)<br>Web: www.psychiatrie-in-berlin.de<br><br>Registergericht: Amtsgericht Charlottenburg\/Berlin<br>Register-Nummer: 23428 Nz<br><br>Vertretungsberechtigter Vorstand:<br>Annette Rindtorff (1. Vorsitzende), Marion Locher (2. Vorsitzende)<br><br>Inhaltlich Verantwortlicher gem\u00e4\u00df \u00a7 10 Absatz 3 MDStV<br>Stephan Fr\u00fchauf (Schriftf\u00fchrer)<\/p>\n\n\n\n<div style=\"height:40px\" aria-hidden=\"true\" class=\"wp-block-spacer\"><\/div>\n\n\n\n<p><strong>Haftungsausschluss<\/strong><\/p>\n\n\n\n<p>Trotz sorgf\u00e4ltiger inhaltlicher Kontrolle \u00fcbernehmen wir keine Haftung f\u00fcr die Inhalte externer Links. F\u00fcr den Inhalt der verlinkten Seiten sind ausschlie\u00dflich deren Betreiber verantwortlich.<\/p>\n\n\n\n<div style=\"height:40px\" aria-hidden=\"true\" class=\"wp-block-spacer\"><\/div>\n\n\n\n<p><strong>Fotonachweis<\/strong> <\/p>\n\n\n\n<figure class=\"wp-block-table\"><table><tbody><tr><td>Startseite<\/td><td>photocase\/thomas<\/td><\/tr><tr><td>Aktuell \/ Verein \/ Archiv<\/td><td>Wolf-R\u00fcdiger Kehrer \u2013 Architekten &#8211; Erkelenzdamm 59\/61 -10999 Berlin<\/td><\/tr><\/tbody><\/table><\/figure>\n\n\n\n<div style=\"height:40px\" aria-hidden=\"true\" class=\"wp-block-spacer\"><\/div>\n\n\n\n<p>Sofern nicht anders gekennzeicht, liegen alle Rechte f\u00fcr Fotos, die auf diesen Webseiten ver\u00f6ffentlicht werden, beim Verein f\u00fcr Psychiatrie und seelische Gesundheit in Berlin e.V.<br><\/p>\n\n\n\n<div style=\"height:40px\" aria-hidden=\"true\" class=\"wp-block-spacer\"><\/div>\n\n\n\n<p><strong>Datenschutz<\/strong><\/p>\n\n\n\n<p>Hier finden Sie Informationen zum <a href=\"http:\/\/psychiatrie-in-berlin.de\/vpsg\/datenschutzerklaerung\/\" data-type=\"page\" data-id=\"3\">Datenschutz<\/a><\/p>\n\n\n\n<div style=\"height:40px\" aria-hidden=\"true\" class=\"wp-block-spacer\"><\/div>\n\n\n\n<p><strong>Gestaltung der Website<\/strong><\/p>\n\n\n\n<p>Dirk Lebahn <a rel=\"noreferrer noopener\" href=\"http:\/\/www.eye-d.de\" target=\"_blank\">www.eye-d.de<\/a><\/p>\n\n\n\n<div style=\"height:40px\" aria-hidden=\"true\" class=\"wp-block-spacer\"><\/div>\n\n\n\n<p><strong>Programmierung der Website<\/strong><\/p>\n\n\n\n<p>Astrid Rau\u00dfe <a href=\"https:\/\/rausse.de\" target=\"_blank\" rel=\"noreferrer noopener\">www.rausse.de<\/a><\/p>\n","protected":false},"excerpt":{"rendered":"<p>Verein f\u00fcr Psychiatrie und seelische Gesundheit e.V. c\/o Annette Rindtorff (Vorsitzende)Tegeler Weg 410589 BerlinE-Mail: info@psychiatrie-in-berlin.de (Schriftf\u00fchrer S. Fr\u00fchauf)Web: www.psychiatrie-in-berlin.de Registergericht: Amtsgericht Charlottenburg\/BerlinRegister-Nummer: 23428 Nz Vertretungsberechtigter Vorstand:Annette Rindtorff (1. Vorsitzende), Marion Locher (2. Vorsitzende) Inhaltlich Verantwortlicher gem\u00e4\u00df \u00a7 10 Absatz 3 MDStVStephan Fr\u00fchauf (Schriftf\u00fchrer) Haftungsausschluss Trotz sorgf\u00e4ltiger inhaltlicher Kontrolle \u00fcbernehmen wir keine Haftung f\u00fcr die Inhalte [&hellip;]<\/p>\n","protected":false},"author":1,"featured_media":0,"parent":0,"menu_order":0,"comment_status":"closed","ping_status":"closed","template":"","meta":{"_acf_changed":false,"ngg_post_thumbnail":0,"footnotes":""},"class_list":["post-21","page","type-page","status-publish","hentry"],"acf":[],"_links":{"self":[{"href":"http:\/\/psychiatrie-in-berlin.de\/vpsg\/wp-json\/wp\/v2\/pages\/21","targetHints":{"allow":["GET"]}}],"collection":[{"href":"http:\/\/psychiatrie-in-berlin.de\/vpsg\/wp-json\/wp\/v2\/pages"}],"about":[{"href":"http:\/\/psychiatrie-in-berlin.de\/vpsg\/wp-json\/wp\/v2\/types\/page"}],"author":[{"embeddable":true,"href":"http:\/\/psychiatrie-in-berlin.de\/vpsg\/wp-json\/wp\/v2\/users\/1"}],"replies":[{"embeddable":true,"href":"http:\/\/psychiatrie-in-berlin.de\/vpsg\/wp-json\/wp\/v2\/comments?post=21"}],"version-history":[{"count":14,"href":"http:\/\/psychiatrie-in-berlin.de\/vpsg\/wp-json\/wp\/v2\/pages\/21\/revisions"}],"predecessor-version":[{"id":1515,"href":"http:\/\/psychiatrie-in-berlin.de\/vpsg\/wp-json\/wp\/v2\/pages\/21\/revisions\/1515"}],"wp:attachment":[{"href":"http:\/\/psychiatrie-in-berlin.de\/vpsg\/wp-json\/wp\/v2\/media?parent=21"}],"curies":[{"name":"wp","href":"https:\/\/api.w.org\/{rel}","templated":true}]}}